{"id":321,"date":"2023-09-14T08:19:06","date_gmt":"2023-09-14T08:19:06","guid":{"rendered":"https:\/\/kons3in.at\/?page_id=321"},"modified":"2023-11-30T16:08:46","modified_gmt":"2023-11-30T16:08:46","slug":"faq","status":"publish","type":"page","link":"https:\/\/kons3in.at\/index.php\/faq\/","title":{"rendered":"FAQ"},"content":{"rendered":"\t\t<div data-elementor-type=\"wp-page\" data-elementor-id=\"321\" class=\"elementor elementor-321\" data-elementor-post-type=\"page\">\n\t\t\t\t\t\t<section class=\"elementor-section elementor-top-section elementor-element elementor-element-3611f8ce elementor-section-content-middle elementor-section-boxed elementor-section-height-default elementor-section-height-default\" data-id=\"3611f8ce\" data-element_type=\"section\" data-e-type=\"section\" data-settings=\"{&quot;background_background&quot;:&quot;classic&quot;}\">\n\t\t\t\t\t\t<div class=\"elementor-container elementor-column-gap-no\">\n\t\t\t\t\t<div class=\"elementor-column elementor-col-100 elementor-top-column elementor-element elementor-element-4c3d3c69\" data-id=\"4c3d3c69\" data-element_type=\"column\" data-e-type=\"column\">\n\t\t\t<div class=\"elementor-widget-wrap elementor-element-populated\">\n\t\t\t\t\t\t<div class=\"elementor-element elementor-element-72f83f90 elementor-widget elementor-widget-heading\" data-id=\"72f83f90\" data-element_type=\"widget\" data-e-type=\"widget\" data-widget_type=\"heading.default\">\n\t\t\t\t<div class=\"elementor-widget-container\">\n\t\t\t\t\t<h1 class=\"elementor-heading-title elementor-size-default\">FAQ<\/h1>\t\t\t\t<\/div>\n\t\t\t\t<\/div>\n\t\t\t\t<div class=\"elementor-element elementor-element-2438b9ad elementor-widget elementor-widget-heading\" data-id=\"2438b9ad\" data-element_type=\"widget\" data-e-type=\"widget\" data-widget_type=\"heading.default\">\n\t\t\t\t<div class=\"elementor-widget-container\">\n\t\t\t\t\t<h3 class=\"elementor-heading-title elementor-size-default\">H\u00e4ufig gestellte Fragen mit Antworten<\/h3>\t\t\t\t<\/div>\n\t\t\t\t<\/div>\n\t\t\t\t<div class=\"elementor-element elementor-element-fdaed04 elementor-widget elementor-widget-toggle\" data-id=\"fdaed04\" data-element_type=\"widget\" data-e-type=\"widget\" data-widget_type=\"toggle.default\">\n\t\t\t\t<div class=\"elementor-widget-container\">\n\t\t\t\t\t\t\t<div class=\"elementor-toggle\">\n\t\t\t\t\t\t\t<div class=\"elementor-toggle-item\">\n\t\t\t\t\t<div id=\"elementor-tab-title-2661\" class=\"elementor-tab-title\" data-tab=\"1\" role=\"button\" aria-controls=\"elementor-tab-content-2661\" aria-expanded=\"false\">\n\t\t\t\t\t\t\t\t\t\t\t\t<span class=\"elementor-toggle-icon elementor-toggle-icon-right\" aria-hidden=\"true\">\n\t\t\t\t\t\t\t\t\t\t\t\t\t\t\t<span class=\"elementor-toggle-icon-closed\"><i class=\"fas fa-caret-right\"><\/i><\/span>\n\t\t\t\t\t\t\t\t<span class=\"elementor-toggle-icon-opened\"><i class=\"elementor-toggle-icon-opened fas fa-caret-up\"><\/i><\/span>\n\t\t\t\t\t\t\t\t\t\t\t\t\t<\/span>\n\t\t\t\t\t\t\t\t\t\t\t\t<a class=\"elementor-toggle-title\" tabindex=\"0\">Erstellt ihr auch Einreichpl\u00e4ne?<\/a>\n\t\t\t\t\t<\/div>\n\n\t\t\t\t\t<div id=\"elementor-tab-content-2661\" class=\"elementor-tab-content elementor-clearfix\" data-tab=\"1\" role=\"region\" aria-labelledby=\"elementor-tab-title-2661\"><p>Wir f\u00fchren diese T\u00e4tigkeit nicht selbst aus, sind jedoch gerne bereit, Sie innerhalb unseres soliden Netzwerks zu vermitteln.<\/p><\/div>\n\t\t\t\t<\/div>\n\t\t\t\t\t\t\t\t<\/div>\n\t\t\t\t\t\t<\/div>\n\t\t\t\t<\/div>\n\t\t\t\t<div class=\"elementor-element elementor-element-52d79d6c elementor-widget elementor-widget-toggle\" data-id=\"52d79d6c\" data-element_type=\"widget\" data-e-type=\"widget\" data-widget_type=\"toggle.default\">\n\t\t\t\t<div class=\"elementor-widget-container\">\n\t\t\t\t\t\t\t<div class=\"elementor-toggle\">\n\t\t\t\t\t\t\t<div class=\"elementor-toggle-item\">\n\t\t\t\t\t<div id=\"elementor-tab-title-1381\" class=\"elementor-tab-title\" data-tab=\"1\" role=\"button\" aria-controls=\"elementor-tab-content-1381\" aria-expanded=\"false\">\n\t\t\t\t\t\t\t\t\t\t\t\t<span class=\"elementor-toggle-icon elementor-toggle-icon-right\" aria-hidden=\"true\">\n\t\t\t\t\t\t\t\t\t\t\t\t\t\t\t<span class=\"elementor-toggle-icon-closed\"><i class=\"fas fa-caret-right\"><\/i><\/span>\n\t\t\t\t\t\t\t\t<span class=\"elementor-toggle-icon-opened\"><i class=\"elementor-toggle-icon-opened fas fa-caret-up\"><\/i><\/span>\n\t\t\t\t\t\t\t\t\t\t\t\t\t<\/span>\n\t\t\t\t\t\t\t\t\t\t\t\t<a class=\"elementor-toggle-title\" tabindex=\"0\">Bietet ihr auch die Bauaufsicht an?<\/a>\n\t\t\t\t\t<\/div>\n\n\t\t\t\t\t<div id=\"elementor-tab-content-1381\" class=\"elementor-tab-content elementor-clearfix\" data-tab=\"1\" role=\"region\" aria-labelledby=\"elementor-tab-title-1381\"><p>Nein diese T\u00e4tigkeit bieten wir leider nicht an, wir sind jedoch gerne bereit, Sie innerhalb unseres soliden Netzwerks zu vermitteln.<\/p><\/div>\n\t\t\t\t<\/div>\n\t\t\t\t\t\t\t\t<\/div>\n\t\t\t\t\t\t<\/div>\n\t\t\t\t<\/div>\n\t\t\t\t<div class=\"elementor-element elementor-element-7eefe56f elementor-widget elementor-widget-toggle\" data-id=\"7eefe56f\" data-element_type=\"widget\" data-e-type=\"widget\" data-widget_type=\"toggle.default\">\n\t\t\t\t<div class=\"elementor-widget-container\">\n\t\t\t\t\t\t\t<div class=\"elementor-toggle\">\n\t\t\t\t\t\t\t<div class=\"elementor-toggle-item\">\n\t\t\t\t\t<div id=\"elementor-tab-title-2121\" class=\"elementor-tab-title\" data-tab=\"1\" role=\"button\" aria-controls=\"elementor-tab-content-2121\" aria-expanded=\"false\">\n\t\t\t\t\t\t\t\t\t\t\t\t<span class=\"elementor-toggle-icon elementor-toggle-icon-right\" aria-hidden=\"true\">\n\t\t\t\t\t\t\t\t\t\t\t\t\t\t\t<span class=\"elementor-toggle-icon-closed\"><i class=\"fas fa-caret-right\"><\/i><\/span>\n\t\t\t\t\t\t\t\t<span class=\"elementor-toggle-icon-opened\"><i class=\"elementor-toggle-icon-opened fas fa-caret-up\"><\/i><\/span>\n\t\t\t\t\t\t\t\t\t\t\t\t\t<\/span>\n\t\t\t\t\t\t\t\t\t\t\t\t<a class=\"elementor-toggle-title\" tabindex=\"0\">Arbeitet ihr auch f\u00fcr private Kunden?<\/a>\n\t\t\t\t\t<\/div>\n\n\t\t\t\t\t<div id=\"elementor-tab-content-2121\" class=\"elementor-tab-content elementor-clearfix\" data-tab=\"1\" role=\"region\" aria-labelledby=\"elementor-tab-title-2121\"><p>Wir arbeiten zu 90% f\u00fcr Gesch\u00e4ftskunden, haben aber auch private Auftraggeber.<\/p><\/div>\n\t\t\t\t<\/div>\n\t\t\t\t\t\t\t\t<\/div>\n\t\t\t\t\t\t<\/div>\n\t\t\t\t<\/div>\n\t\t\t\t\t<\/div>\n\t\t<\/div>\n\t\t\t\t\t<\/div>\n\t\t<\/section>\n\t\t\t\t<\/div>\n\t\t","protected":false},"excerpt":{"rendered":"<p>FAQ H\u00e4ufig gestellte Fragen mit Antworten Erstellt ihr auch Einreichpl\u00e4ne? Wir f\u00fchren diese T\u00e4tigkeit nicht selbst aus, sind jedoch gerne bereit, Sie innerhalb unseres soliden Netzwerks zu vermitteln. Bietet ihr auch die Bauaufsicht an? Nein diese T\u00e4tigkeit bieten wir leider nicht an, wir sind jedoch gerne bereit, Sie innerhalb unseres soliden Netzwerks zu vermitteln. Arbeitet &#8230; <a title=\"FAQ\" class=\"read-more\" href=\"https:\/\/kons3in.at\/index.php\/faq\/\" aria-label=\"Mehr Informationen \u00fcber FAQ\">Weiterlesen<\/a><\/p>\n","protected":false},"author":1,"featured_media":0,"parent":0,"menu_order":0,"comment_status":"closed","ping_status":"closed","template":"","meta":{"footnotes":""},"class_list":["post-321","page","type-page","status-publish"],"yoast_head":"<!-- This site is optimized with the Yoast SEO plugin v27.5 - https:\/\/yoast.com\/product\/yoast-seo-wordpress\/ -->\n<title>FAQ - KONS3IN GmbH<\/title>\n<meta name=\"robots\" content=\"index, follow, max-snippet:-1, max-image-preview:large, max-video-preview:-1\" \/>\n<link rel=\"canonical\" href=\"https:\/\/kons3in.at\/index.php\/faq\/\" \/>\n<meta property=\"og:locale\" content=\"de_DE\" \/>\n<meta property=\"og:type\" content=\"article\" \/>\n<meta property=\"og:title\" content=\"FAQ - KONS3IN GmbH\" \/>\n<meta property=\"og:description\" content=\"FAQ H\u00e4ufig gestellte Fragen mit Antworten Erstellt ihr auch Einreichpl\u00e4ne? Wir f\u00fchren diese T\u00e4tigkeit nicht selbst aus, sind jedoch gerne bereit, Sie innerhalb unseres soliden Netzwerks zu vermitteln. Bietet ihr auch die Bauaufsicht an? Nein diese T\u00e4tigkeit bieten wir leider nicht an, wir sind jedoch gerne bereit, Sie innerhalb unseres soliden Netzwerks zu vermitteln. Arbeitet ... Weiterlesen\" \/>\n<meta property=\"og:url\" content=\"https:\/\/kons3in.at\/index.php\/faq\/\" \/>\n<meta property=\"og:site_name\" content=\"KONS3IN GmbH\" \/>\n<meta property=\"article:modified_time\" content=\"2023-11-30T16:08:46+00:00\" \/>\n<meta name=\"twitter:card\" content=\"summary_large_image\" \/>\n<script type=\"application\/ld+json\" class=\"yoast-schema-graph\">{\"@context\":\"https:\\\/\\\/schema.org\",\"@graph\":[{\"@type\":\"WebPage\",\"@id\":\"https:\\\/\\\/kons3in.at\\\/index.php\\\/faq\\\/\",\"url\":\"https:\\\/\\\/kons3in.at\\\/index.php\\\/faq\\\/\",\"name\":\"FAQ - KONS3IN GmbH\",\"isPartOf\":{\"@id\":\"https:\\\/\\\/kons3in.at\\\/#website\"},\"datePublished\":\"2023-09-14T08:19:06+00:00\",\"dateModified\":\"2023-11-30T16:08:46+00:00\",\"breadcrumb\":{\"@id\":\"https:\\\/\\\/kons3in.at\\\/index.php\\\/faq\\\/#breadcrumb\"},\"inLanguage\":\"de\",\"potentialAction\":[{\"@type\":\"ReadAction\",\"target\":[\"https:\\\/\\\/kons3in.at\\\/index.php\\\/faq\\\/\"]}]},{\"@type\":\"BreadcrumbList\",\"@id\":\"https:\\\/\\\/kons3in.at\\\/index.php\\\/faq\\\/#breadcrumb\",\"itemListElement\":[{\"@type\":\"ListItem\",\"position\":1,\"name\":\"Startseite\",\"item\":\"https:\\\/\\\/kons3in.at\\\/\"},{\"@type\":\"ListItem\",\"position\":2,\"name\":\"FAQ\"}]},{\"@type\":\"WebSite\",\"@id\":\"https:\\\/\\\/kons3in.at\\\/#website\",\"url\":\"https:\\\/\\\/kons3in.at\\\/\",\"name\":\"KONS3IN GmbH\",\"description\":\"\",\"publisher\":{\"@id\":\"https:\\\/\\\/kons3in.at\\\/#organization\"},\"potentialAction\":[{\"@type\":\"SearchAction\",\"target\":{\"@type\":\"EntryPoint\",\"urlTemplate\":\"https:\\\/\\\/kons3in.at\\\/?s={search_term_string}\"},\"query-input\":{\"@type\":\"PropertyValueSpecification\",\"valueRequired\":true,\"valueName\":\"search_term_string\"}}],\"inLanguage\":\"de\"},{\"@type\":\"Organization\",\"@id\":\"https:\\\/\\\/kons3in.at\\\/#organization\",\"name\":\"KONS3IN GmbH\",\"url\":\"https:\\\/\\\/kons3in.at\\\/\",\"logo\":{\"@type\":\"ImageObject\",\"inLanguage\":\"de\",\"@id\":\"https:\\\/\\\/kons3in.at\\\/#\\\/schema\\\/logo\\\/image\\\/\",\"url\":\"https:\\\/\\\/kons3in.at\\\/wp-content\\\/uploads\\\/2023\\\/09\\\/bearbeitet-18.11.-RAL_Homepage.jpg\",\"contentUrl\":\"https:\\\/\\\/kons3in.at\\\/wp-content\\\/uploads\\\/2023\\\/09\\\/bearbeitet-18.11.-RAL_Homepage.jpg\",\"width\":1339,\"height\":396,\"caption\":\"KONS3IN GmbH\"},\"image\":{\"@id\":\"https:\\\/\\\/kons3in.at\\\/#\\\/schema\\\/logo\\\/image\\\/\"}}]}<\/script>\n<!-- \/ Yoast SEO plugin. -->","yoast_head_json":{"title":"FAQ - KONS3IN GmbH","robots":{"index":"index","follow":"follow","max-snippet":"max-snippet:-1","max-image-preview":"max-image-preview:large","max-video-preview":"max-video-preview:-1"},"canonical":"https:\/\/kons3in.at\/index.php\/faq\/","og_locale":"de_DE","og_type":"article","og_title":"FAQ - KONS3IN GmbH","og_description":"FAQ H\u00e4ufig gestellte Fragen mit Antworten Erstellt ihr auch Einreichpl\u00e4ne? Wir f\u00fchren diese T\u00e4tigkeit nicht selbst aus, sind jedoch gerne bereit, Sie innerhalb unseres soliden Netzwerks zu vermitteln. Bietet ihr auch die Bauaufsicht an? Nein diese T\u00e4tigkeit bieten wir leider nicht an, wir sind jedoch gerne bereit, Sie innerhalb unseres soliden Netzwerks zu vermitteln. Arbeitet ... Weiterlesen","og_url":"https:\/\/kons3in.at\/index.php\/faq\/","og_site_name":"KONS3IN GmbH","article_modified_time":"2023-11-30T16:08:46+00:00","twitter_card":"summary_large_image","schema":{"@context":"https:\/\/schema.org","@graph":[{"@type":"WebPage","@id":"https:\/\/kons3in.at\/index.php\/faq\/","url":"https:\/\/kons3in.at\/index.php\/faq\/","name":"FAQ - KONS3IN GmbH","isPartOf":{"@id":"https:\/\/kons3in.at\/#website"},"datePublished":"2023-09-14T08:19:06+00:00","dateModified":"2023-11-30T16:08:46+00:00","breadcrumb":{"@id":"https:\/\/kons3in.at\/index.php\/faq\/#breadcrumb"},"inLanguage":"de","potentialAction":[{"@type":"ReadAction","target":["https:\/\/kons3in.at\/index.php\/faq\/"]}]},{"@type":"BreadcrumbList","@id":"https:\/\/kons3in.at\/index.php\/faq\/#breadcrumb","itemListElement":[{"@type":"ListItem","position":1,"name":"Startseite","item":"https:\/\/kons3in.at\/"},{"@type":"ListItem","position":2,"name":"FAQ"}]},{"@type":"WebSite","@id":"https:\/\/kons3in.at\/#website","url":"https:\/\/kons3in.at\/","name":"KONS3IN GmbH","description":"","publisher":{"@id":"https:\/\/kons3in.at\/#organization"},"potentialAction":[{"@type":"SearchAction","target":{"@type":"EntryPoint","urlTemplate":"https:\/\/kons3in.at\/?s={search_term_string}"},"query-input":{"@type":"PropertyValueSpecification","valueRequired":true,"valueName":"search_term_string"}}],"inLanguage":"de"},{"@type":"Organization","@id":"https:\/\/kons3in.at\/#organization","name":"KONS3IN GmbH","url":"https:\/\/kons3in.at\/","logo":{"@type":"ImageObject","inLanguage":"de","@id":"https:\/\/kons3in.at\/#\/schema\/logo\/image\/","url":"https:\/\/kons3in.at\/wp-content\/uploads\/2023\/09\/bearbeitet-18.11.-RAL_Homepage.jpg","contentUrl":"https:\/\/kons3in.at\/wp-content\/uploads\/2023\/09\/bearbeitet-18.11.-RAL_Homepage.jpg","width":1339,"height":396,"caption":"KONS3IN GmbH"},"image":{"@id":"https:\/\/kons3in.at\/#\/schema\/logo\/image\/"}}]}},"_links":{"self":[{"href":"https:\/\/kons3in.at\/index.php\/wp-json\/wp\/v2\/pages\/321","targetHints":{"allow":["GET"]}}],"collection":[{"href":"https:\/\/kons3in.at\/index.php\/wp-json\/wp\/v2\/pages"}],"about":[{"href":"https:\/\/kons3in.at\/index.php\/wp-json\/wp\/v2\/types\/page"}],"author":[{"embeddable":true,"href":"https:\/\/kons3in.at\/index.php\/wp-json\/wp\/v2\/users\/1"}],"replies":[{"embeddable":true,"href":"https:\/\/kons3in.at\/index.php\/wp-json\/wp\/v2\/comments?post=321"}],"version-history":[{"count":58,"href":"https:\/\/kons3in.at\/index.php\/wp-json\/wp\/v2\/pages\/321\/revisions"}],"predecessor-version":[{"id":1705,"href":"https:\/\/kons3in.at\/index.php\/wp-json\/wp\/v2\/pages\/321\/revisions\/1705"}],"wp:attachment":[{"href":"https:\/\/kons3in.at\/index.php\/wp-json\/wp\/v2\/media?parent=321"}],"curies":[{"name":"wp","href":"https:\/\/api.w.org\/{rel}","templated":true}]}}