{"id":560,"date":"2023-09-19T10:46:08","date_gmt":"2023-09-19T10:46:08","guid":{"rendered":"https:\/\/kons3in.at\/?page_id=560"},"modified":"2026-02-24T08:32:49","modified_gmt":"2026-02-24T08:32:49","slug":"ueber-uns","status":"publish","type":"page","link":"https:\/\/kons3in.at\/index.php\/ueber-uns\/","title":{"rendered":"\u00dcber uns"},"content":{"rendered":"\t\t<div data-elementor-type=\"wp-page\" data-elementor-id=\"560\" class=\"elementor elementor-560\" data-elementor-post-type=\"page\">\n\t\t\t\t\t\t<section class=\"elementor-section elementor-top-section elementor-element elementor-element-50d62f11 elementor-section-content-middle elementor-section-boxed elementor-section-height-default elementor-section-height-default\" data-id=\"50d62f11\" data-element_type=\"section\" data-e-type=\"section\" data-settings=\"{&quot;background_background&quot;:&quot;classic&quot;}\">\n\t\t\t\t\t\t<div class=\"elementor-container elementor-column-gap-no\">\n\t\t\t\t\t<div class=\"elementor-column elementor-col-100 elementor-top-column elementor-element elementor-element-6f2e13a0\" data-id=\"6f2e13a0\" data-element_type=\"column\" data-e-type=\"column\">\n\t\t\t<div class=\"elementor-widget-wrap elementor-element-populated\">\n\t\t\t\t\t\t<section class=\"elementor-section elementor-inner-section elementor-element elementor-element-2aa5ed1 elementor-section-boxed elementor-section-height-default elementor-section-height-default\" data-id=\"2aa5ed1\" data-element_type=\"section\" data-e-type=\"section\">\n\t\t\t\t\t\t<div class=\"elementor-container elementor-column-gap-default\">\n\t\t\t\t\t<div class=\"elementor-column elementor-col-50 elementor-inner-column elementor-element elementor-element-30cf4f35\" data-id=\"30cf4f35\" data-element_type=\"column\" data-e-type=\"column\">\n\t\t\t<div class=\"elementor-widget-wrap elementor-element-populated\">\n\t\t\t\t\t\t<div class=\"elementor-element elementor-element-71305af elementor-widget elementor-widget-heading\" data-id=\"71305af\" data-element_type=\"widget\" data-e-type=\"widget\" data-widget_type=\"heading.default\">\n\t\t\t\t<div class=\"elementor-widget-container\">\n\t\t\t\t\t<h3 class=\"elementor-heading-title elementor-size-default\">Was Kons3in ausmacht?<\/h3>\t\t\t\t<\/div>\n\t\t\t\t<\/div>\n\t\t\t\t<div class=\"elementor-element elementor-element-675768f elementor-widget__width-initial elementor-widget elementor-widget-text-editor\" data-id=\"675768f\" data-element_type=\"widget\" data-e-type=\"widget\" data-widget_type=\"text-editor.default\">\n\t\t\t\t<div class=\"elementor-widget-container\">\n\t\t\t\t\t\t\t\t\t<p>Schau hinter die Kulissen<\/p>\t\t\t\t\t\t\t\t<\/div>\n\t\t\t\t<\/div>\n\t\t\t\t<div class=\"elementor-element elementor-element-01ae6c4 elementor-widget__width-initial elementor-widget elementor-widget-text-editor\" data-id=\"01ae6c4\" data-element_type=\"widget\" data-e-type=\"widget\" data-widget_type=\"text-editor.default\">\n\t\t\t\t<div class=\"elementor-widget-container\">\n\t\t\t\t\t\t\t\t\t<p>Die Kons3in GmbH wurde 2017 von unserem Chef, Andreas Hierl, als Einmann-Betrieb gegr\u00fcndet und hat seitdem kontinuierlich expandiert, um sich als angesehenes Unternehmen zu etablieren. Mit namhaften Kunden in unserem Portfolio haben wir uns einen Ruf f\u00fcr erstklassige Dienstleistungen erarbeitet. Dar\u00fcber hinaus<span style=\"color: var( --e-global-color-primary );\">\u00a0legen wir Wert auf absolute Diskretion.\u00a0<\/span><\/p><p>Im Jahr 2020 erreichten wir einen bedeutenden Meilenstein, indem wir unser B\u00fcro in Mondsee er\u00f6ffneten. Die n\u00e4chsten Steps folgten 2021 mit der eigenen Lagerhalle und 2022 mit der Investition in eine eigene Schlosserei. All di<span style=\"color: var( --e-global-color-primary );\">es unterstreicht unsere kontinuierliche Entwicklung und unser Engagement.<\/span><\/p><p>Unsere umfangreiche Erfahrung erm\u00f6glicht es uns, ma\u00dfgeschneiderte L\u00f6sungen anzubieten, die den individuellen Anforderungen unserer Kunden gerecht werden. Wir freuen uns darauf, mit Dir gemeinsam erfolgreich in die Zukunft zu gehen.<\/p>\t\t\t\t\t\t\t\t<\/div>\n\t\t\t\t<\/div>\n\t\t\t\t\t<\/div>\n\t\t<\/div>\n\t\t\t\t<div class=\"elementor-column elementor-col-50 elementor-inner-column elementor-element elementor-element-705eaed4\" data-id=\"705eaed4\" data-element_type=\"column\" data-e-type=\"column\">\n\t\t\t<div class=\"elementor-widget-wrap elementor-element-populated\">\n\t\t\t\t\t\t<div class=\"elementor-element elementor-element-f75eb33 elementor-widget__width-initial elementor-widget elementor-widget-text-editor\" data-id=\"f75eb33\" data-element_type=\"widget\" data-e-type=\"widget\" data-widget_type=\"text-editor.default\">\n\t\t\t\t<div class=\"elementor-widget-container\">\n\t\t\t\t\t\t\t\t\t<p>Unser Team &#8211; das Herzst\u00fcck des Unternehmens<\/p>\t\t\t\t\t\t\t\t<\/div>\n\t\t\t\t<\/div>\n\t\t\t\t<div class=\"elementor-element elementor-element-5c307ec elementor-widget elementor-widget-text-editor\" data-id=\"5c307ec\" data-element_type=\"widget\" data-e-type=\"widget\" data-widget_type=\"text-editor.default\">\n\t\t\t\t<div class=\"elementor-widget-container\">\n\t\t\t\t\t\t\t\t\t<p>Wenn du mehr \u00fcber die Menschen hinter den Kulissen erfahren m\u00f6chtest, klicke einfach auf das Bild!<\/p>\t\t\t\t\t\t\t\t<\/div>\n\t\t\t\t<\/div>\n\t\t\t\t<div class=\"elementor-element elementor-element-b5773fe elementor-widget elementor-widget-image\" data-id=\"b5773fe\" data-element_type=\"widget\" data-e-type=\"widget\" data-widget_type=\"image.default\">\n\t\t\t\t<div class=\"elementor-widget-container\">\n\t\t\t\t\t\t\t\t\t\t\t\t\t\t\t\t<a href=\"https:\/\/kons3in.at\/index.php\/team\/\">\n\t\t\t\t\t\t\t<img fetchpriority=\"high\" decoding=\"async\" width=\"1024\" height=\"1024\" src=\"https:\/\/kons3in.at\/wp-content\/uploads\/2026\/02\/Aktuelles-Composing_ohne-Hias-Kopie-1024x1024.jpg\" class=\"elementor-animation-grow attachment-large size-large wp-image-2543\" alt=\"Teamfoto\" srcset=\"https:\/\/kons3in.at\/wp-content\/uploads\/2026\/02\/Aktuelles-Composing_ohne-Hias-Kopie-1024x1024.jpg 1024w, https:\/\/kons3in.at\/wp-content\/uploads\/2026\/02\/Aktuelles-Composing_ohne-Hias-Kopie-300x300.jpg 300w, https:\/\/kons3in.at\/wp-content\/uploads\/2026\/02\/Aktuelles-Composing_ohne-Hias-Kopie-150x150.jpg 150w, https:\/\/kons3in.at\/wp-content\/uploads\/2026\/02\/Aktuelles-Composing_ohne-Hias-Kopie-768x768.jpg 768w, https:\/\/kons3in.at\/wp-content\/uploads\/2026\/02\/Aktuelles-Composing_ohne-Hias-Kopie-1536x1536.jpg 1536w, https:\/\/kons3in.at\/wp-content\/uploads\/2026\/02\/Aktuelles-Composing_ohne-Hias-Kopie-2048x2048.jpg 2048w\" sizes=\"(max-width: 1024px) 100vw, 1024px\" \/>\t\t\t\t\t\t\t\t<\/a>\n\t\t\t\t\t\t\t\t\t\t\t\t\t\t\t<\/div>\n\t\t\t\t<\/div>\n\t\t\t\t\t<\/div>\n\t\t<\/div>\n\t\t\t\t\t<\/div>\n\t\t<\/section>\n\t\t\t\t<section class=\"elementor-section elementor-inner-section elementor-element elementor-element-7960ef15 elementor-section-boxed elementor-section-height-default elementor-section-height-default\" data-id=\"7960ef15\" data-element_type=\"section\" data-e-type=\"section\">\n\t\t\t\t\t\t<div class=\"elementor-container elementor-column-gap-default\">\n\t\t\t\t\t<div class=\"elementor-column elementor-col-50 elementor-inner-column elementor-element elementor-element-2c8be4c3\" data-id=\"2c8be4c3\" data-element_type=\"column\" data-e-type=\"column\">\n\t\t\t<div class=\"elementor-widget-wrap elementor-element-populated\">\n\t\t\t\t\t\t<div class=\"elementor-element elementor-element-283c6b9 elementor-widget elementor-widget-image\" data-id=\"283c6b9\" data-element_type=\"widget\" data-e-type=\"widget\" data-widget_type=\"image.default\">\n\t\t\t\t<div class=\"elementor-widget-container\">\n\t\t\t\t\t\t\t\t\t\t\t\t\t\t\t<img decoding=\"async\" width=\"1024\" height=\"577\" src=\"https:\/\/kons3in.at\/wp-content\/uploads\/2023\/09\/Buero_SW-1-1024x577.png\" class=\"elementor-animation-grow attachment-large size-large wp-image-644\" alt=\"\" srcset=\"https:\/\/kons3in.at\/wp-content\/uploads\/2023\/09\/Buero_SW-1-1024x577.png 1024w, https:\/\/kons3in.at\/wp-content\/uploads\/2023\/09\/Buero_SW-1-300x169.png 300w, https:\/\/kons3in.at\/wp-content\/uploads\/2023\/09\/Buero_SW-1-768x433.png 768w, https:\/\/kons3in.at\/wp-content\/uploads\/2023\/09\/Buero_SW-1-1536x865.png 1536w, https:\/\/kons3in.at\/wp-content\/uploads\/2023\/09\/Buero_SW-1.png 1640w\" sizes=\"(max-width: 1024px) 100vw, 1024px\" \/>\t\t\t\t\t\t\t\t\t\t\t\t\t\t\t<\/div>\n\t\t\t\t<\/div>\n\t\t\t\t<div class=\"elementor-element elementor-element-c80e6ca elementor-widget__width-initial elementor-widget elementor-widget-text-editor\" data-id=\"c80e6ca\" data-element_type=\"widget\" data-e-type=\"widget\" data-widget_type=\"text-editor.default\">\n\t\t\t\t<div class=\"elementor-widget-container\">\n\t\t\t\t\t\t\t\t\t<p>Unser B\u00fcro &#8211; Die digitale Werkbank<\/p>\t\t\t\t\t\t\t\t<\/div>\n\t\t\t\t<\/div>\n\t\t\t\t<div class=\"elementor-element elementor-element-df82395 elementor-widget elementor-widget-text-editor\" data-id=\"df82395\" data-element_type=\"widget\" data-e-type=\"widget\" data-widget_type=\"text-editor.default\">\n\t\t\t\t<div class=\"elementor-widget-container\">\n\t\t\t\t\t\t\t\t\t<p><span style=\"color: var( --e-global-color-primary );\">An diesen Schreibtischen werden Deine Ideen im dreidimensionalen Raum entwickelt, akribisch dimensioniert, berechnet und anschlie\u00dfend f\u00fcr die automatisierte Fertigung vorbereitet.<\/span><\/p>\t\t\t\t\t\t\t\t<\/div>\n\t\t\t\t<\/div>\n\t\t\t\t\t<\/div>\n\t\t<\/div>\n\t\t\t\t<div class=\"elementor-column elementor-col-50 elementor-inner-column elementor-element elementor-element-4a4fb1ca\" data-id=\"4a4fb1ca\" data-element_type=\"column\" data-e-type=\"column\">\n\t\t\t<div class=\"elementor-widget-wrap elementor-element-populated\">\n\t\t\t\t\t\t<div class=\"elementor-element elementor-element-aaf262c elementor-widget__width-initial elementor-widget elementor-widget-text-editor\" data-id=\"aaf262c\" data-element_type=\"widget\" data-e-type=\"widget\" data-widget_type=\"text-editor.default\">\n\t\t\t\t<div class=\"elementor-widget-container\">\n\t\t\t\t\t\t\t\t\t<p>Die hauseigene Schlosserei &#8211; wo die Funken fliegen<\/p>\t\t\t\t\t\t\t\t<\/div>\n\t\t\t\t<\/div>\n\t\t\t\t<div class=\"elementor-element elementor-element-dd63819 elementor-widget elementor-widget-text-editor\" data-id=\"dd63819\" data-element_type=\"widget\" data-e-type=\"widget\" data-widget_type=\"text-editor.default\">\n\t\t\t\t<div class=\"elementor-widget-container\">\n\t\t\t\t\t\t\t\t\t<p>Hier verwandeln wir digitale Konzepte in greifbare Realit\u00e4t. Auf einer Fl\u00e4che von 250m\u00b2 nehmen wir deine Ideen in die Hand und setzen sie um \u2013 sei es f\u00fcr die Herstellung von Prototypen oder die Serienfertigung.<\/p>\t\t\t\t\t\t\t\t<\/div>\n\t\t\t\t<\/div>\n\t\t\t\t<div class=\"elementor-element elementor-element-29c9050 elementor-widget elementor-widget-image\" data-id=\"29c9050\" data-element_type=\"widget\" data-e-type=\"widget\" data-widget_type=\"image.default\">\n\t\t\t\t<div class=\"elementor-widget-container\">\n\t\t\t\t\t\t\t\t\t\t\t\t\t\t\t<img decoding=\"async\" width=\"1024\" height=\"577\" src=\"https:\/\/kons3in.at\/wp-content\/uploads\/2023\/09\/Werkstatt_unten_sw-1024x577.png\" class=\"elementor-animation-grow attachment-large size-large wp-image-649\" alt=\"\" srcset=\"https:\/\/kons3in.at\/wp-content\/uploads\/2023\/09\/Werkstatt_unten_sw-1024x577.png 1024w, https:\/\/kons3in.at\/wp-content\/uploads\/2023\/09\/Werkstatt_unten_sw-300x169.png 300w, https:\/\/kons3in.at\/wp-content\/uploads\/2023\/09\/Werkstatt_unten_sw-768x433.png 768w, https:\/\/kons3in.at\/wp-content\/uploads\/2023\/09\/Werkstatt_unten_sw-1536x865.png 1536w, https:\/\/kons3in.at\/wp-content\/uploads\/2023\/09\/Werkstatt_unten_sw.png 1640w\" sizes=\"(max-width: 1024px) 100vw, 1024px\" \/>\t\t\t\t\t\t\t\t\t\t\t\t\t\t\t<\/div>\n\t\t\t\t<\/div>\n\t\t\t\t\t<\/div>\n\t\t<\/div>\n\t\t\t\t\t<\/div>\n\t\t<\/section>\n\t\t\t\t<section class=\"elementor-section elementor-inner-section elementor-element elementor-element-4f905f6 elementor-section-boxed elementor-section-height-default elementor-section-height-default\" data-id=\"4f905f6\" data-element_type=\"section\" data-e-type=\"section\">\n\t\t\t\t\t\t<div class=\"elementor-container elementor-column-gap-default\">\n\t\t\t\t\t<div class=\"elementor-column elementor-col-50 elementor-inner-column elementor-element elementor-element-0b4b16e\" data-id=\"0b4b16e\" data-element_type=\"column\" data-e-type=\"column\">\n\t\t\t<div class=\"elementor-widget-wrap elementor-element-populated\">\n\t\t\t\t\t\t<div class=\"elementor-element elementor-element-149328a elementor-widget elementor-widget-image\" data-id=\"149328a\" data-element_type=\"widget\" data-e-type=\"widget\" data-widget_type=\"image.default\">\n\t\t\t\t<div class=\"elementor-widget-container\">\n\t\t\t\t\t\t\t\t\t\t\t\t\t\t\t<img loading=\"lazy\" decoding=\"async\" width=\"1024\" height=\"577\" src=\"https:\/\/kons3in.at\/wp-content\/uploads\/2023\/09\/Prototypenwerkstatt-1024x577.png\" class=\"elementor-animation-grow attachment-large size-large wp-image-653\" alt=\"\" srcset=\"https:\/\/kons3in.at\/wp-content\/uploads\/2023\/09\/Prototypenwerkstatt-1024x577.png 1024w, https:\/\/kons3in.at\/wp-content\/uploads\/2023\/09\/Prototypenwerkstatt-300x169.png 300w, https:\/\/kons3in.at\/wp-content\/uploads\/2023\/09\/Prototypenwerkstatt-768x433.png 768w, https:\/\/kons3in.at\/wp-content\/uploads\/2023\/09\/Prototypenwerkstatt-1536x865.png 1536w, https:\/\/kons3in.at\/wp-content\/uploads\/2023\/09\/Prototypenwerkstatt.png 1640w\" sizes=\"(max-width: 1024px) 100vw, 1024px\" \/>\t\t\t\t\t\t\t\t\t\t\t\t\t\t\t<\/div>\n\t\t\t\t<\/div>\n\t\t\t\t<div class=\"elementor-element elementor-element-74299d6 elementor-widget__width-initial elementor-widget elementor-widget-text-editor\" data-id=\"74299d6\" data-element_type=\"widget\" data-e-type=\"widget\" data-widget_type=\"text-editor.default\">\n\t\t\t\t<div class=\"elementor-widget-container\">\n\t\t\t\t\t\t\t\t\t<p>Die Prototypenwerkstatt &#8211; Wo get\u00fcftelt wird<\/p>\t\t\t\t\t\t\t\t<\/div>\n\t\t\t\t<\/div>\n\t\t\t\t<div class=\"elementor-element elementor-element-2a24d66 elementor-widget elementor-widget-text-editor\" data-id=\"2a24d66\" data-element_type=\"widget\" data-e-type=\"widget\" data-widget_type=\"text-editor.default\">\n\t\t\t\t<div class=\"elementor-widget-container\">\n\t\t\t\t\t\t\t\t\t<p><span style=\"color: var( --e-global-color-primary );\">Egal, ob es sich um Metall, Kunststoff oder Holz handelt, hier wird auf 200m\u00b2 intensiv geforscht und entwickelt, und das direkt neben unserem B\u00fcro &#8211; der ideale Ort, um Deine Entwicklungsprojekte in die Tat umzusetzen.<\/span><\/p>\t\t\t\t\t\t\t\t<\/div>\n\t\t\t\t<\/div>\n\t\t\t\t\t<\/div>\n\t\t<\/div>\n\t\t\t\t<div class=\"elementor-column elementor-col-50 elementor-inner-column elementor-element elementor-element-92ab395\" data-id=\"92ab395\" data-element_type=\"column\" data-e-type=\"column\">\n\t\t\t<div class=\"elementor-widget-wrap elementor-element-populated\">\n\t\t\t\t\t\t<div class=\"elementor-element elementor-element-02ab924 elementor-widget__width-initial elementor-widget elementor-widget-text-editor\" data-id=\"02ab924\" data-element_type=\"widget\" data-e-type=\"widget\" data-widget_type=\"text-editor.default\">\n\t\t\t\t<div class=\"elementor-widget-container\">\n\t\t\t\t\t\t\t\t\t<p>Die gro\u00dfz\u00fcgige Lagerhalle &#8211; Das Raumwunder<\/p>\t\t\t\t\t\t\t\t<\/div>\n\t\t\t\t<\/div>\n\t\t\t\t<div class=\"elementor-element elementor-element-12bcbf5 elementor-widget elementor-widget-text-editor\" data-id=\"12bcbf5\" data-element_type=\"widget\" data-e-type=\"widget\" data-widget_type=\"text-editor.default\">\n\t\t\t\t<div class=\"elementor-widget-container\">\n\t\t\t\t\t\t\t\t\t<p>Sie erstreckt sich \u00fcber 600m\u00b2 Fl\u00e4che und bietet die perfekte L\u00f6sung f\u00fcr Deine Lagerbed\u00fcrfnisse. Mit ausreichend Platz f\u00fcr die sichere Aufbewahrung von Fahrzeugen, Inventar und Ausr\u00fcstung, kannst Du Dich darauf verlassen, dass alles optimal gesch\u00fctzt ist.<\/p>\t\t\t\t\t\t\t\t<\/div>\n\t\t\t\t<\/div>\n\t\t\t\t<div class=\"elementor-element elementor-element-75d685e elementor-widget elementor-widget-image\" data-id=\"75d685e\" data-element_type=\"widget\" data-e-type=\"widget\" data-widget_type=\"image.default\">\n\t\t\t\t<div class=\"elementor-widget-container\">\n\t\t\t\t\t\t\t\t\t\t\t\t\t\t\t<img loading=\"lazy\" decoding=\"async\" width=\"1024\" height=\"577\" src=\"https:\/\/kons3in.at\/wp-content\/uploads\/2023\/09\/Lagerhalle_SW_Neu_25092023-1024x577.png\" class=\"elementor-animation-grow attachment-large size-large wp-image-925\" alt=\"\" srcset=\"https:\/\/kons3in.at\/wp-content\/uploads\/2023\/09\/Lagerhalle_SW_Neu_25092023-1024x577.png 1024w, https:\/\/kons3in.at\/wp-content\/uploads\/2023\/09\/Lagerhalle_SW_Neu_25092023-300x169.png 300w, https:\/\/kons3in.at\/wp-content\/uploads\/2023\/09\/Lagerhalle_SW_Neu_25092023-768x433.png 768w, https:\/\/kons3in.at\/wp-content\/uploads\/2023\/09\/Lagerhalle_SW_Neu_25092023-1536x865.png 1536w, https:\/\/kons3in.at\/wp-content\/uploads\/2023\/09\/Lagerhalle_SW_Neu_25092023.png 1640w\" sizes=\"(max-width: 1024px) 100vw, 1024px\" \/>\t\t\t\t\t\t\t\t\t\t\t\t\t\t\t<\/div>\n\t\t\t\t<\/div>\n\t\t\t\t\t<\/div>\n\t\t<\/div>\n\t\t\t\t\t<\/div>\n\t\t<\/section>\n\t\t\t\t\t<\/div>\n\t\t<\/div>\n\t\t\t\t\t<\/div>\n\t\t<\/section>\n\t\t\t\t<\/div>\n\t\t","protected":false},"excerpt":{"rendered":"<p>Was Kons3in ausmacht? Schau hinter die Kulissen Die Kons3in GmbH wurde 2017 von unserem Chef, Andreas Hierl, als Einmann-Betrieb gegr\u00fcndet und hat seitdem kontinuierlich expandiert, um sich als angesehenes Unternehmen zu etablieren. Mit namhaften Kunden in unserem Portfolio haben wir uns einen Ruf f\u00fcr erstklassige Dienstleistungen erarbeitet. Dar\u00fcber hinaus\u00a0legen wir Wert auf absolute Diskretion.\u00a0 Im &#8230; <a title=\"\u00dcber uns\" class=\"read-more\" href=\"https:\/\/kons3in.at\/index.php\/ueber-uns\/\" aria-label=\"Mehr Informationen \u00fcber \u00dcber uns\">Weiterlesen<\/a><\/p>\n","protected":false},"author":1,"featured_media":0,"parent":0,"menu_order":0,"comment_status":"closed","ping_status":"closed","template":"","meta":{"footnotes":""},"class_list":["post-560","page","type-page","status-publish"],"yoast_head":"<!-- This site is optimized with the Yoast SEO plugin v27.5 - https:\/\/yoast.com\/product\/yoast-seo-wordpress\/ -->\n<title>\u00dcber uns - KONS3IN GmbH<\/title>\n<meta name=\"robots\" content=\"index, follow, max-snippet:-1, max-image-preview:large, max-video-preview:-1\" \/>\n<link rel=\"canonical\" href=\"https:\/\/kons3in.at\/index.php\/ueber-uns\/\" \/>\n<meta property=\"og:locale\" content=\"de_DE\" \/>\n<meta property=\"og:type\" content=\"article\" \/>\n<meta property=\"og:title\" content=\"\u00dcber uns - KONS3IN GmbH\" \/>\n<meta property=\"og:description\" content=\"Was Kons3in ausmacht? Schau hinter die Kulissen Die Kons3in GmbH wurde 2017 von unserem Chef, Andreas Hierl, als Einmann-Betrieb gegr\u00fcndet und hat seitdem kontinuierlich expandiert, um sich als angesehenes Unternehmen zu etablieren. Mit namhaften Kunden in unserem Portfolio haben wir uns einen Ruf f\u00fcr erstklassige Dienstleistungen erarbeitet. Dar\u00fcber hinaus\u00a0legen wir Wert auf absolute Diskretion.\u00a0 Im ... Weiterlesen\" \/>\n<meta property=\"og:url\" content=\"https:\/\/kons3in.at\/index.php\/ueber-uns\/\" \/>\n<meta property=\"og:site_name\" content=\"KONS3IN GmbH\" \/>\n<meta property=\"article:modified_time\" content=\"2026-02-24T08:32:49+00:00\" \/>\n<meta property=\"og:image\" content=\"https:\/\/kons3in.at\/wp-content\/uploads\/2026\/02\/Aktuelles-Composing_ohne-Hias-Kopie-scaled.jpg\" \/>\n\t<meta property=\"og:image:width\" content=\"2560\" \/>\n\t<meta property=\"og:image:height\" content=\"2560\" \/>\n\t<meta property=\"og:image:type\" content=\"image\/jpeg\" \/>\n<meta name=\"twitter:card\" content=\"summary_large_image\" \/>\n<meta name=\"twitter:label1\" content=\"Gesch\u00e4tzte Lesezeit\" \/>\n\t<meta name=\"twitter:data1\" content=\"3\u00a0Minuten\" \/>\n<script type=\"application\/ld+json\" class=\"yoast-schema-graph\">{\"@context\":\"https:\\\/\\\/schema.org\",\"@graph\":[{\"@type\":\"WebPage\",\"@id\":\"https:\\\/\\\/kons3in.at\\\/index.php\\\/ueber-uns\\\/\",\"url\":\"https:\\\/\\\/kons3in.at\\\/index.php\\\/ueber-uns\\\/\",\"name\":\"\u00dcber uns - KONS3IN GmbH\",\"isPartOf\":{\"@id\":\"https:\\\/\\\/kons3in.at\\\/#website\"},\"primaryImageOfPage\":{\"@id\":\"https:\\\/\\\/kons3in.at\\\/index.php\\\/ueber-uns\\\/#primaryimage\"},\"image\":{\"@id\":\"https:\\\/\\\/kons3in.at\\\/index.php\\\/ueber-uns\\\/#primaryimage\"},\"thumbnailUrl\":\"https:\\\/\\\/kons3in.at\\\/wp-content\\\/uploads\\\/2026\\\/02\\\/Aktuelles-Composing_ohne-Hias-Kopie-1024x1024.jpg\",\"datePublished\":\"2023-09-19T10:46:08+00:00\",\"dateModified\":\"2026-02-24T08:32:49+00:00\",\"breadcrumb\":{\"@id\":\"https:\\\/\\\/kons3in.at\\\/index.php\\\/ueber-uns\\\/#breadcrumb\"},\"inLanguage\":\"de\",\"potentialAction\":[{\"@type\":\"ReadAction\",\"target\":[\"https:\\\/\\\/kons3in.at\\\/index.php\\\/ueber-uns\\\/\"]}]},{\"@type\":\"ImageObject\",\"inLanguage\":\"de\",\"@id\":\"https:\\\/\\\/kons3in.at\\\/index.php\\\/ueber-uns\\\/#primaryimage\",\"url\":\"https:\\\/\\\/kons3in.at\\\/wp-content\\\/uploads\\\/2026\\\/02\\\/Aktuelles-Composing_ohne-Hias-Kopie-scaled.jpg\",\"contentUrl\":\"https:\\\/\\\/kons3in.at\\\/wp-content\\\/uploads\\\/2026\\\/02\\\/Aktuelles-Composing_ohne-Hias-Kopie-scaled.jpg\",\"width\":2560,\"height\":2560,\"caption\":\"Teamfoto\"},{\"@type\":\"BreadcrumbList\",\"@id\":\"https:\\\/\\\/kons3in.at\\\/index.php\\\/ueber-uns\\\/#breadcrumb\",\"itemListElement\":[{\"@type\":\"ListItem\",\"position\":1,\"name\":\"Startseite\",\"item\":\"https:\\\/\\\/kons3in.at\\\/\"},{\"@type\":\"ListItem\",\"position\":2,\"name\":\"\u00dcber uns\"}]},{\"@type\":\"WebSite\",\"@id\":\"https:\\\/\\\/kons3in.at\\\/#website\",\"url\":\"https:\\\/\\\/kons3in.at\\\/\",\"name\":\"KONS3IN GmbH\",\"description\":\"\",\"publisher\":{\"@id\":\"https:\\\/\\\/kons3in.at\\\/#organization\"},\"potentialAction\":[{\"@type\":\"SearchAction\",\"target\":{\"@type\":\"EntryPoint\",\"urlTemplate\":\"https:\\\/\\\/kons3in.at\\\/?s={search_term_string}\"},\"query-input\":{\"@type\":\"PropertyValueSpecification\",\"valueRequired\":true,\"valueName\":\"search_term_string\"}}],\"inLanguage\":\"de\"},{\"@type\":\"Organization\",\"@id\":\"https:\\\/\\\/kons3in.at\\\/#organization\",\"name\":\"KONS3IN GmbH\",\"url\":\"https:\\\/\\\/kons3in.at\\\/\",\"logo\":{\"@type\":\"ImageObject\",\"inLanguage\":\"de\",\"@id\":\"https:\\\/\\\/kons3in.at\\\/#\\\/schema\\\/logo\\\/image\\\/\",\"url\":\"https:\\\/\\\/kons3in.at\\\/wp-content\\\/uploads\\\/2023\\\/09\\\/bearbeitet-18.11.-RAL_Homepage.jpg\",\"contentUrl\":\"https:\\\/\\\/kons3in.at\\\/wp-content\\\/uploads\\\/2023\\\/09\\\/bearbeitet-18.11.-RAL_Homepage.jpg\",\"width\":1339,\"height\":396,\"caption\":\"KONS3IN GmbH\"},\"image\":{\"@id\":\"https:\\\/\\\/kons3in.at\\\/#\\\/schema\\\/logo\\\/image\\\/\"}}]}<\/script>\n<!-- \/ Yoast SEO plugin. -->","yoast_head_json":{"title":"\u00dcber uns - KONS3IN GmbH","robots":{"index":"index","follow":"follow","max-snippet":"max-snippet:-1","max-image-preview":"max-image-preview:large","max-video-preview":"max-video-preview:-1"},"canonical":"https:\/\/kons3in.at\/index.php\/ueber-uns\/","og_locale":"de_DE","og_type":"article","og_title":"\u00dcber uns - KONS3IN GmbH","og_description":"Was Kons3in ausmacht? Schau hinter die Kulissen Die Kons3in GmbH wurde 2017 von unserem Chef, Andreas Hierl, als Einmann-Betrieb gegr\u00fcndet und hat seitdem kontinuierlich expandiert, um sich als angesehenes Unternehmen zu etablieren. Mit namhaften Kunden in unserem Portfolio haben wir uns einen Ruf f\u00fcr erstklassige Dienstleistungen erarbeitet. Dar\u00fcber hinaus\u00a0legen wir Wert auf absolute Diskretion.\u00a0 Im ... Weiterlesen","og_url":"https:\/\/kons3in.at\/index.php\/ueber-uns\/","og_site_name":"KONS3IN GmbH","article_modified_time":"2026-02-24T08:32:49+00:00","og_image":[{"width":2560,"height":2560,"url":"https:\/\/kons3in.at\/wp-content\/uploads\/2026\/02\/Aktuelles-Composing_ohne-Hias-Kopie-scaled.jpg","type":"image\/jpeg"}],"twitter_card":"summary_large_image","twitter_misc":{"Gesch\u00e4tzte Lesezeit":"3\u00a0Minuten"},"schema":{"@context":"https:\/\/schema.org","@graph":[{"@type":"WebPage","@id":"https:\/\/kons3in.at\/index.php\/ueber-uns\/","url":"https:\/\/kons3in.at\/index.php\/ueber-uns\/","name":"\u00dcber uns - KONS3IN GmbH","isPartOf":{"@id":"https:\/\/kons3in.at\/#website"},"primaryImageOfPage":{"@id":"https:\/\/kons3in.at\/index.php\/ueber-uns\/#primaryimage"},"image":{"@id":"https:\/\/kons3in.at\/index.php\/ueber-uns\/#primaryimage"},"thumbnailUrl":"https:\/\/kons3in.at\/wp-content\/uploads\/2026\/02\/Aktuelles-Composing_ohne-Hias-Kopie-1024x1024.jpg","datePublished":"2023-09-19T10:46:08+00:00","dateModified":"2026-02-24T08:32:49+00:00","breadcrumb":{"@id":"https:\/\/kons3in.at\/index.php\/ueber-uns\/#breadcrumb"},"inLanguage":"de","potentialAction":[{"@type":"ReadAction","target":["https:\/\/kons3in.at\/index.php\/ueber-uns\/"]}]},{"@type":"ImageObject","inLanguage":"de","@id":"https:\/\/kons3in.at\/index.php\/ueber-uns\/#primaryimage","url":"https:\/\/kons3in.at\/wp-content\/uploads\/2026\/02\/Aktuelles-Composing_ohne-Hias-Kopie-scaled.jpg","contentUrl":"https:\/\/kons3in.at\/wp-content\/uploads\/2026\/02\/Aktuelles-Composing_ohne-Hias-Kopie-scaled.jpg","width":2560,"height":2560,"caption":"Teamfoto"},{"@type":"BreadcrumbList","@id":"https:\/\/kons3in.at\/index.php\/ueber-uns\/#breadcrumb","itemListElement":[{"@type":"ListItem","position":1,"name":"Startseite","item":"https:\/\/kons3in.at\/"},{"@type":"ListItem","position":2,"name":"\u00dcber uns"}]},{"@type":"WebSite","@id":"https:\/\/kons3in.at\/#website","url":"https:\/\/kons3in.at\/","name":"KONS3IN GmbH","description":"","publisher":{"@id":"https:\/\/kons3in.at\/#organization"},"potentialAction":[{"@type":"SearchAction","target":{"@type":"EntryPoint","urlTemplate":"https:\/\/kons3in.at\/?s={search_term_string}"},"query-input":{"@type":"PropertyValueSpecification","valueRequired":true,"valueName":"search_term_string"}}],"inLanguage":"de"},{"@type":"Organization","@id":"https:\/\/kons3in.at\/#organization","name":"KONS3IN GmbH","url":"https:\/\/kons3in.at\/","logo":{"@type":"ImageObject","inLanguage":"de","@id":"https:\/\/kons3in.at\/#\/schema\/logo\/image\/","url":"https:\/\/kons3in.at\/wp-content\/uploads\/2023\/09\/bearbeitet-18.11.-RAL_Homepage.jpg","contentUrl":"https:\/\/kons3in.at\/wp-content\/uploads\/2023\/09\/bearbeitet-18.11.-RAL_Homepage.jpg","width":1339,"height":396,"caption":"KONS3IN GmbH"},"image":{"@id":"https:\/\/kons3in.at\/#\/schema\/logo\/image\/"}}]}},"_links":{"self":[{"href":"https:\/\/kons3in.at\/index.php\/wp-json\/wp\/v2\/pages\/560","targetHints":{"allow":["GET"]}}],"collection":[{"href":"https:\/\/kons3in.at\/index.php\/wp-json\/wp\/v2\/pages"}],"about":[{"href":"https:\/\/kons3in.at\/index.php\/wp-json\/wp\/v2\/types\/page"}],"author":[{"embeddable":true,"href":"https:\/\/kons3in.at\/index.php\/wp-json\/wp\/v2\/users\/1"}],"replies":[{"embeddable":true,"href":"https:\/\/kons3in.at\/index.php\/wp-json\/wp\/v2\/comments?post=560"}],"version-history":[{"count":256,"href":"https:\/\/kons3in.at\/index.php\/wp-json\/wp\/v2\/pages\/560\/revisions"}],"predecessor-version":[{"id":2546,"href":"https:\/\/kons3in.at\/index.php\/wp-json\/wp\/v2\/pages\/560\/revisions\/2546"}],"wp:attachment":[{"href":"https:\/\/kons3in.at\/index.php\/wp-json\/wp\/v2\/media?parent=560"}],"curies":[{"name":"wp","href":"https:\/\/api.w.org\/{rel}","templated":true}]}}